{"id":2199,"date":"2024-08-27T14:55:54","date_gmt":"2024-08-27T14:55:54","guid":{"rendered":"https:\/\/drummantunc.com\/%d0%ba%d0%be%d0%bd%d1%82%d0%b0%d0%ba%d1%82%d1%8b\/"},"modified":"2025-04-28T14:28:45","modified_gmt":"2025-04-28T14:28:45","slug":"%d0%ba%d0%be%d0%bd%d1%82%d0%b0%d0%ba%d1%82%d1%8b","status":"publish","type":"page","link":"https:\/\/drummantunc.com\/ru\/%d0%ba%d0%be%d0%bd%d1%82%d0%b0%d0%ba%d1%82%d1%8b\/","title":{"rendered":"\u041a\u043e\u043d\u0442\u0430\u043a\u0442\u044b"},"content":{"rendered":"\t\t<div data-elementor-type=\"wp-page\" data-elementor-id=\"2199\" class=\"elementor elementor-2199 elementor-12\" data-elementor-post-type=\"page\">\n\t\t\t\t<div class=\"elementor-element elementor-element-32bfdc7 e-flex e-con-boxed e-con e-parent\" data-id=\"32bfdc7\" data-element_type=\"container\" data-settings=\"{&quot;background_background&quot;:&quot;classic&quot;}\">\n\t\t\t\t\t<div class=\"e-con-inner\">\n\t\t<div class=\"elementor-element elementor-element-e657455 e-con-full e-flex e-con e-child\" data-id=\"e657455\" data-element_type=\"container\">\n\t\t\t\t<div class=\"elementor-element elementor-element-0e202db elementor-widget elementor-widget-heading\" data-id=\"0e202db\" data-element_type=\"widget\" data-widget_type=\"heading.default\">\n\t\t\t\t<div class=\"elementor-widget-container\">\n\t\t\t\t\t<span class=\"elementor-heading-title elementor-size-default\">\u041e\u0442\u043f\u0440\u0430\u0432\u0438\u0442\u044c <br><span class=\"bigText\">\u043d\u0430\u043c \u0441\u043e\u043e\u0431\u0449\u0435\u043d\u0438\u0435<\/span><span class=\"bigText\"><br><\/span> \u0421\u0432\u044f\u0437\u0430\u0442\u044c\u0441\u044f \u0441 \u043d\u0430\u043c\u0438<\/span>\t\t\t\t<\/div>\n\t\t\t\t<\/div>\n\t\t\t\t<\/div>\n\t\t\t\t\t<\/div>\n\t\t\t\t<\/div>\n\t\t<div class=\"elementor-element elementor-element-ee2dda1 e-flex e-con-boxed e-con e-parent\" data-id=\"ee2dda1\" data-element_type=\"container\">\n\t\t\t\t\t<div class=\"e-con-inner\">\n\t\t<div class=\"elementor-element elementor-element-8aed0ad e-con-full e-flex e-con e-child\" data-id=\"8aed0ad\" data-element_type=\"container\">\n\t\t\t\t<div class=\"elementor-element elementor-element-86cdc99 elementor-widget elementor-widget-heading\" data-id=\"86cdc99\" data-element_type=\"widget\" data-widget_type=\"heading.default\">\n\t\t\t\t<div class=\"elementor-widget-container\">\n\t\t\t\t\t<p class=\"elementor-heading-title elementor-size-default\">\u042d\u043b\u0435\u043a\u0442\u0440\u043e\u043d\u043d\u0430\u044f \u043f\u043e\u0447\u0442\u0430<\/p>\t\t\t\t<\/div>\n\t\t\t\t<\/div>\n\t\t\t\t<div class=\"elementor-element elementor-element-946b6e2 elementor-widget elementor-widget-heading\" data-id=\"946b6e2\" data-element_type=\"widget\" data-widget_type=\"heading.default\">\n\t\t\t\t<div class=\"elementor-widget-container\">\n\t\t\t\t\t<h4 class=\"elementor-heading-title elementor-size-default\"><a href=\"mailto:info@ummantunc.com\">info@ummantunc.com<\/a><\/h4>\t\t\t\t<\/div>\n\t\t\t\t<\/div>\n\t\t\t\t<\/div>\n\t\t<div class=\"elementor-element elementor-element-b62b946 e-con-full e-flex e-con e-child\" data-id=\"b62b946\" data-element_type=\"container\">\n\t\t\t\t<div class=\"elementor-element elementor-element-7b4e49b elementor-widget elementor-widget-heading\" data-id=\"7b4e49b\" data-element_type=\"widget\" data-widget_type=\"heading.default\">\n\t\t\t\t<div class=\"elementor-widget-container\">\n\t\t\t\t\t<p class=\"elementor-heading-title elementor-size-default\">\u041e\u0444\u0438\u0441<\/p>\t\t\t\t<\/div>\n\t\t\t\t<\/div>\n\t\t\t\t<div class=\"elementor-element elementor-element-ea52d84 elementor-widget-tablet__width-initial elementor-widget elementor-widget-heading\" data-id=\"ea52d84\" data-element_type=\"widget\" data-widget_type=\"heading.default\">\n\t\t\t\t<div class=\"elementor-widget-container\">\n\t\t\t\t\t<h4 class=\"elementor-heading-title elementor-size-default\">Alt\u0131nkum Mah. Atat\u00fcrk Bulvar\u0131 Mehmet \u00d6zbek Plaza, No:130 K:4 D:5 Konyaalt\u0131\/Antalya <\/h4>\t\t\t\t<\/div>\n\t\t\t\t<\/div>\n\t\t\t\t<\/div>\n\t\t<div class=\"elementor-element elementor-element-e1121e5 e-con-full e-flex e-con e-child\" data-id=\"e1121e5\" data-element_type=\"container\">\n\t\t\t\t<div class=\"elementor-element elementor-element-02228d8 elementor-widget elementor-widget-heading\" data-id=\"02228d8\" data-element_type=\"widget\" data-widget_type=\"heading.default\">\n\t\t\t\t<div class=\"elementor-widget-container\">\n\t\t\t\t\t<p class=\"elementor-heading-title elementor-size-default\">\u0422\u0435\u043b\u0435\u0444\u043e\u043d<\/p>\t\t\t\t<\/div>\n\t\t\t\t<\/div>\n\t\t\t\t<div class=\"elementor-element elementor-element-328db1a elementor-widget elementor-widget-heading\" data-id=\"328db1a\" data-element_type=\"widget\" data-widget_type=\"heading.default\">\n\t\t\t\t<div class=\"elementor-widget-container\">\n\t\t\t\t\t<h4 class=\"elementor-heading-title elementor-size-default\"><a href=\"tel:+905053730765\">+90 505 373 07 65  <\/a><\/h4>\t\t\t\t<\/div>\n\t\t\t\t<\/div>\n\t\t\t\t<\/div>\n\t\t\t\t\t<\/div>\n\t\t\t\t<\/div>\n\t\t<div class=\"elementor-element elementor-element-9f2abb2 e-flex e-con-boxed e-con e-parent\" data-id=\"9f2abb2\" data-element_type=\"container\" data-settings=\"{&quot;background_background&quot;:&quot;classic&quot;}\">\n\t\t\t\t\t<div class=\"e-con-inner\">\n\t\t<div class=\"elementor-element elementor-element-a8ce0ef e-con-full e-flex e-con e-child\" data-id=\"a8ce0ef\" data-element_type=\"container\" data-settings=\"{&quot;background_background&quot;:&quot;classic&quot;}\">\n\t\t\t\t<div class=\"elementor-element elementor-element-7b0354f elementor-widget elementor-widget-heading\" data-id=\"7b0354f\" data-element_type=\"widget\" data-widget_type=\"heading.default\">\n\t\t\t\t<div class=\"elementor-widget-container\">\n\t\t\t\t\t<p class=\"elementor-heading-title elementor-size-default\">\u0412\u044b \u043c\u043e\u0436\u0435\u0442\u0435 \u043f\u0440\u043e\u043a\u043e\u043d\u0441\u0443\u043b\u044c\u0442\u0438\u0440\u043e\u0432\u0430\u0442\u044c\u0441\u044f \u0441 \u043d\u0430\u043c\u0438 \u043f\u043e \u0432\u0441\u0435\u043c \u0438\u043d\u0442\u0435\u0440\u0435\u0441\u0443\u044e\u0449\u0438\u043c \u0432\u0430\u0441 \u0432\u043e\u043f\u0440\u043e\u0441\u0430\u043c.<\/p>\t\t\t\t<\/div>\n\t\t\t\t<\/div>\n\t\t\t\t<div class=\"elementor-element elementor-element-fb8f56e elementor-widget elementor-widget-heading\" data-id=\"fb8f56e\" data-element_type=\"widget\" data-widget_type=\"heading.default\">\n\t\t\t\t<div class=\"elementor-widget-container\">\n\t\t\t\t\t<h3 class=\"elementor-heading-title elementor-size-default\">\u0417\u0430\u043f\u043e\u043b\u043d\u0438\u0442\u0435 \u0444\u043e\u0440\u043c\u0443 \u043f\u0440\u044f\u043c\u043e \u0441\u0435\u0439\u0447\u0430\u0441!<\/h3>\t\t\t\t<\/div>\n\t\t\t\t<\/div>\n\t\t\t\t<div class=\"elementor-element elementor-element-bd73cca elementor-widget elementor-widget-shortcode\" data-id=\"bd73cca\" data-element_type=\"widget\" data-widget_type=\"shortcode.default\">\n\t\t\t\t<div class=\"elementor-widget-container\">\n\t\t\t\t\t\t\t<div class=\"elementor-shortcode\"><div class=\"mf-form-shortcode\">\r\n\t\t<div\r\n\t\t\tid=\"metform-wrap-2176-2176\"\r\n\t\t\tclass=\"mf-form-wrapper\"\r\n\t\t\tdata-form-id=\"2176\"\r\n\t\t\tdata-action=\"https:\/\/drummantunc.com\/ru\/wp-json\/metform\/v1\/entries\/insert\/2176\"\r\n\t\t\tdata-wp-nonce=\"22c4ca6cd6\"\r\n\t\t\tdata-form-nonce=\"fb1bd918f5\"\r\n\t\t\tdata-quiz-summery = \"false\"\r\n\t\t\tdata-save-progress = \"false\"\r\n\t\t\tdata-form-type=\"contact_form\"\r\n\t\t\tdata-stop-vertical-effect=\"\"\r\n\t\t\t><\/div>\r\n\r\n\r\n\t\t<!----------------------------- \r\n\t\t\t* controls_data : find the the props passed indie of data attribute\r\n\t\t\t* props.SubmitResponseMarkup : contains the markup of error or success message\r\n\t\t\t* https:\/\/developer.mozilla.org\/en-US\/docs\/Web\/JavaScript\/Reference\/Template_literals\r\n\t\t--------------------------- -->\r\n\r\n\t\t\t\t<script type=\"text\/mf\" class=\"mf-template\">\r\n\t\t\tfunction controls_data (value){\r\n\t\t\t\tlet currentWrapper = \"mf-response-props-id-2176\";\r\n\t\t\t\tlet currentEl = document.getElementById(currentWrapper);\r\n\t\t\t\t\r\n\t\t\t\treturn currentEl ? currentEl.dataset[value] : false\r\n\t\t\t}\r\n\r\n\r\n\t\t\tlet is_edit_mode = '' ? true : false;\r\n\t\t\tlet message_position = controls_data('messageposition') || 'top';\r\n\r\n\t\t\t\r\n\t\t\tlet message_successIcon = controls_data('successicon') || '';\r\n\t\t\tlet message_errorIcon = controls_data('erroricon') || '';\r\n\t\t\tlet message_editSwitch = controls_data('editswitchopen') === 'yes' ? true : false;\r\n\t\t\tlet message_proClass = controls_data('editswitchopen') === 'yes' ? 'mf_pro_activated' : '';\r\n\t\t\t\r\n\t\t\tlet is_dummy_markup = is_edit_mode && message_editSwitch ? true : false;\r\n\r\n\t\t\t\r\n\t\t\treturn html`\r\n\t\t\t\t<form\r\n\t\t\t\t\tclassName=\"metform-form-content\"\r\n\t\t\t\t\tref=${parent.formContainerRef}\r\n\t\t\t\t\tonSubmit=${ validation.handleSubmit( parent.handleFormSubmit ) }\r\n\t\t\t\t\r\n\t\t\t\t\t>\r\n\t\t\t\r\n\t\t\t\r\n\t\t\t\t\t${is_dummy_markup ? message_position === 'top' ?  props.ResponseDummyMarkup(message_successIcon, message_proClass) : '' : ''}\r\n\t\t\t\t\t${is_dummy_markup ? ' ' :  message_position === 'top' ? props.SubmitResponseMarkup`${parent}${state}${message_successIcon}${message_errorIcon}${message_proClass}` : ''}\r\n\r\n\t\t\t\t\t<!--------------------------------------------------------\r\n\t\t\t\t\t*** IMPORTANT \/ DANGEROUS ***\r\n\t\t\t\t\t${html``} must be used as in immediate child of \"metform-form-main-wrapper\"\r\n\t\t\t\t\tclass otherwise multistep form will not run at all\r\n\t\t\t\t\t---------------------------------------------------------->\r\n\r\n\t\t\t\t\t<div className=\"metform-form-main-wrapper\" key=${'hide-form-after-submit'} ref=${parent.formRef}>\r\n\t\t\t\t\t${html`\r\n\t\t\t\t\t\t\t\t<div data-elementor-type=\"wp-post\" key=\"2\" data-elementor-id=\"2176\" className=\"elementor elementor-2176 elementor-1059\" data-elementor-post-type=\"metform-form\">\n\t\t\t\t<div className=\"elementor-element elementor-element-6cb028b e-flex e-con-boxed e-con e-parent\" data-id=\"6cb028b\" data-element_type=\"container\">\n\t\t\t\t\t<div className=\"e-con-inner\">\n\t\t<div className=\"elementor-element elementor-element-6b2e7c5 e-con-full e-flex e-con e-child\" data-id=\"6b2e7c5\" data-element_type=\"container\">\n\t\t\t\t<div className=\"elementor-element elementor-element-3adc0da elementor-widget elementor-widget-mf-listing-fname\" data-id=\"3adc0da\" data-element_type=\"widget\" data-settings=\"{&quot;mf_input_name&quot;:&quot;mf-listing-fname&quot;,&quot;mf_input_get_params_enable&quot;:&quot;no&quot;}\" data-widget_type=\"mf-listing-fname.default\">\n\t\t\t\t<div className=\"elementor-widget-container\">\n\t\t\t\t\t\n\t\t<div className=\"mf-input-wrapper\">\n\t\t\t\t\t\t\t<label className=\"mf-input-label\" htmlFor=\"mf-input-text-3adc0da\">\n\t\t\t\t\t${ parent.decodeEntities(``) } \t\t\t\t\t<span className=\"mf-input-required-indicator\"><\/span>\n\t\t\t\t<\/label>\n\t\t\t\n\t\t\t<input type=\"text\" className=\"mf-input \" id=\"mf-input-text-3adc0da\" \n\t\t\t\tname=\"mf-listing-fname\" \n\t\t\t\tplaceholder=\"${ parent.decodeEntities(`\u0418\u043c\u044f`) } \"\n\t\t\t\tonInput=${ parent.handleChange }\n\n\t\t\t\t\t\t\t\t\taria-invalid=${validation.errors['mf-listing-fname'] ? 'true' : 'false'}\n\t\t\t\t\tref=${ el => parent.activateValidation({\"message\":\"\\u041e\\u0431\\u044f\\u0437\\u0430\\u0442\\u0435\\u043b\\u044c\\u043d\\u043e\\u0435 \\u043f\\u043e\\u043b\\u0435.\",\"minLength\":1,\"maxLength\":\"\",\"type\":\"none\",\"required\":false,\"expression\":\"null\"}, el) }\n\t\t\t\t\t\t\t\/>\n\n\t\t\t\t\t\t\t<${validation.ErrorMessage}\n\t\t\t\t\terrors=${validation.errors}\n\t\t\t\t\tname=\"mf-listing-fname\"\n\t\t\t\t\tas=${html`<span className=\"mf-error-message\"><\/span>`}\n\t\t\t\t\t\/>\n\t\t\t\t\t\t\t\t<\/div>\n\n\t\t\t\t\t\t<\/div>\n\t\t\t\t<\/div>\n\t\t\t\t<\/div>\n\t\t<div className=\"elementor-element elementor-element-428ef68 e-con-full e-flex e-con e-child\" data-id=\"428ef68\" data-element_type=\"container\">\n\t\t\t\t<div className=\"elementor-element elementor-element-0d1c977 elementor-widget elementor-widget-mf-mobile\" data-id=\"0d1c977\" data-element_type=\"widget\" data-settings=\"{&quot;mf_input_name&quot;:&quot;mf-mobile&quot;}\" data-widget_type=\"mf-mobile.default\">\n\t\t\t\t<div className=\"elementor-widget-container\">\n\t\t\t\t\t\n\t\t\n\t\t<div className=\"mf-input-wrapper\">\n\t\t\t\t\t\t\t<label className=\"mf-input-label\" htmlFor=\"mf-input-mobile-0d1c977\">\n\t\t\t\t\t${ parent.decodeEntities(``) } \t\t\t\t\t<span className=\"mf-input-required-indicator\"><\/span>\n\t\t\t\t<\/label>\n\t\t\t\n\t\t\t<${props.ReactPhoneInput}\n\t\t\t\tinputProps=${{\n\t\t\t\t\tname: \"mf-mobile\"\n\t\t\t\t}}\n\t\t\t\tinputExtraProps=${{\n\t\t\t\t\trequired: true,\n\t\t\t\t\tautoFocus: true,\n\t\t\t\t}}\n\t\t\t\tkey=${parent.state.resetKey}\n\t\t\t\tsearchPlaceholder=\"Search\"\n\t\t\t\tinputClass=\"mf-input mf-input-mobile\"\n\t\t\t\tcountry=\"ru\"\n\t\t\t\tenableSearch=${true}\n\t\t\t\tcountryCodeEditable=${false}\n\t\t\t\tenableAreaCodes=${false}\n\t\t\t\tvalue=${parent.state.mobileWidget[\"mf-mobile\"] ? parent.state.mobileWidget[\"mf-mobile\"] : \n\t\t\t\t(parent.state.formData[\"mf-mobile\"] ? parent.state.formData[\"mf-mobile\"] : '')}\n\t\t\t\t}\n\t\t\t\tname=\"mf-mobile\"\n\t\t\t\tid=\"mf-input-mobile-0d1c977\"\n\t\t\t\tonChange=${(value, country) => {\n\t\t\t\t\treturn parent.handleOnChangePhoneInput(value, \"mf-mobile\", country)\n\t\t\t\t} }\n\t\t\t\tonBlur=${(event, country) => {\n\t\t\t\t\tlet value = event.target.value;\n\t\t\t\t\tif(value){\n\t\t\t\t\t\tvalue = value.replace(\/[^\\d]\/g, '');\n\t\t\t\t\t}\n\t\t\t\t\tparent.handleOnChangePhoneInput(value, \"mf-mobile\", country)\n\t\t\t\t} }\n\t\t\t\t\/>\n\t\t\t\t\t\t\t<input\n\t\t\t\t\ttype=\"hidden\"\n\t\t\t\t\tname=\"mf-mobile\"\n\t\t\t\t\tclassName=\"mf-input mf-mobile-hidden\"\n\t\t\t\t\tstyle=${{ 'display': 'none', }}\n\t\t\t\t\tvalue=${ parent.getValue( 'mf-mobile' ) }\n\t\t\t\t\tref=${ (el) => parent.activateValidation({\"message\":\"This field is required.\",\"minLength\":1,\"maxLength\":\"\",\"type\":\"none\",\"required\":false}, el) }\n\t\t\t\t\t\/>\n\t\t\t\t<${validation.ErrorMessage}\n\t\t\t\t\terrors=${validation.errors}\n\t\t\t\t\tname=\"mf-mobile\"\n\t\t\t\t\tas=${html`<span className=\"mf-error-message\"><\/span>`}\n\t\t\t\t\t\/>\n\t\t\t\t\t\t\n\t\t\t\t\t<\/div>\n\n\t\t\n\t\t\t\t\t\t<\/div>\n\t\t\t\t<\/div>\n\t\t\t\t<\/div>\n\t\t<div className=\"elementor-element elementor-element-5b3ad0e e-con-full e-flex e-con e-child\" data-id=\"5b3ad0e\" data-element_type=\"container\">\n\t\t\t\t<div className=\"elementor-element elementor-element-09aae76 elementor-widget elementor-widget-mf-email\" data-id=\"09aae76\" data-element_type=\"widget\" data-settings=\"{&quot;mf_input_name&quot;:&quot;mf-email&quot;,&quot;mf_input_get_params_enable&quot;:&quot;no&quot;}\" data-widget_type=\"mf-email.default\">\n\t\t\t\t<div className=\"elementor-widget-container\">\n\t\t\t\t\t\r\n\t\t<div className=\"mf-input-wrapper\">\r\n\t\t\t\t\t\t\t<label className=\"mf-input-label\" htmlFor=\"mf-input-email-09aae76\">\r\n\t\t\t\t\t${ parent.decodeEntities(``) } \t\t\t\t\t<span className=\"mf-input-required-indicator\"><\/span>\r\n\t\t\t\t<\/label>\r\n\t\t\t\r\n\t\t\t<input \r\n\t\t\t\ttype=\"email\" \r\n\t\t\t\t \r\n\t\t\t\tdefaultValue=\"\" \r\n\t\t\t\tclassName=\"mf-input \" \r\n\t\t\t\tid=\"mf-input-email-09aae76\" \r\n\t\t\t\tname=\"mf-email\" \r\n\t\t\t\tplaceholder=\"${ parent.decodeEntities(`\u042d\u043b\u0435\u043a\u0442\u0440\u043e\u043d\u043d\u0430\u044f \u043f\u043e\u0447\u0442\u0430`) } \" \r\n\t\t\t\t \r\n\t\t\t\tonBlur=${parent.handleChange} onFocus=${parent.handleChange} aria-invalid=${validation.errors['mf-email'] ? 'true' : 'false' } \r\n\t\t\t\tref=${el=> parent.activateValidation({\"message\":\"\\u041e\\u0431\\u044f\\u0437\\u0430\\u0442\\u0435\\u043b\\u044c\\u043d\\u043e\\u0435 \\u043f\\u043e\\u043b\\u0435.\",\"emailMessage\":\"\\u041f\\u043e\\u0436\\u0430\\u043b\\u0443\\u0439\\u0441\\u0442\\u0430, \\u0432\\u0432\\u0435\\u0434\\u0438\\u0442\\u0435 \\u0434\\u0435\\u0439\\u0441\\u0442\\u0432\\u0438\\u0442\\u0435\\u043b\\u044c\\u043d\\u044b\\u0439 email\",\"minLength\":1,\"maxLength\":\"\",\"type\":\"none\",\"required\":false,\"expression\":\"null\"}, el)}\r\n\t\t\t\t\t\t\t\/>\r\n\r\n\t\t\t\t\t\t<${validation.ErrorMessage} \r\n\t\t\t\terrors=${validation.errors} \r\n\t\t\t\tname=\"mf-email\" \r\n\t\t\t\tas=${html`<span className=\"mf-error-message\"><\/span>`}\r\n\t\t\t\/>\r\n\t\t\t\r\n\t\t\t\t\t<\/div>\r\n\r\n\t\t\t\t<\/div>\n\t\t\t\t<\/div>\n\t\t\t\t<\/div>\n\t\t<div className=\"elementor-element elementor-element-9b65370 e-con-full e-flex e-con e-child\" data-id=\"9b65370\" data-element_type=\"container\">\n\t\t\t\t<div className=\"elementor-element elementor-element-ea27d64 mf-btn--justify mf-btn--mobile-justify elementor-widget elementor-widget-mf-button\" data-id=\"ea27d64\" data-element_type=\"widget\" data-widget_type=\"mf-button.default\">\n\t\t\t\t<div className=\"elementor-widget-container\">\n\t\t\t\t\t\t\t<div className=\"mf-btn-wraper \" data-mf-form-conditional-logic-requirement=\"\">\r\n\t\t\t\t\t\t\t<button type=\"submit\" className=\"metform-btn metform-submit-btn \" id=\"\">\r\n\t\t\t\t\t<span>${ parent.decodeEntities(`\u041f\u043e\u043b\u0443\u0447\u0438\u0442\u0435 \u0431\u0435\u0441\u043f\u043b\u0430\u0442\u043d\u0443\u044e \u0446\u0438\u0442\u0430\u0442\u0443`) } <\/span>\r\n\t\t\t\t<\/button>\r\n\t\t\t        <\/div>\r\n        \t\t\t\t<\/div>\n\t\t\t\t<\/div>\n\t\t\t\t<\/div>\n\t\t\t\t\t<\/div>\n\t\t\t\t<\/div>\n\t\t\t\t<\/div>\n\t\t\t\t\t\t\t`}\r\n\t\t\t\t\t<\/div>\r\n\r\n\t\t\t\t\t${is_dummy_markup ? message_position === 'bottom' ? props.ResponseDummyMarkup(message_successIcon, message_proClass) : '' : ''}\r\n\t\t\t\t\t${is_dummy_markup ? ' ' : message_position === 'bottom' ? props.SubmitResponseMarkup`${parent}${state}${message_successIcon}${message_errorIcon}${message_proClass}` : ''}\r\n\t\t\t\t\r\n\t\t\t\t<\/form>\r\n\t\t\t`\r\n\t\t<\/script>\r\n\r\n\t\t<\/div><\/div>\n\t\t\t\t\t\t<\/div>\n\t\t\t\t<\/div>\n\t\t\t\t<\/div>\n\t\t<div class=\"elementor-element elementor-element-1e31865 e-con-full e-flex e-con e-child\" data-id=\"1e31865\" data-element_type=\"container\">\n\t\t<a class=\"elementor-element elementor-element-06efd01 e-con-full e-flex e-con e-child\" data-id=\"06efd01\" data-element_type=\"container\" data-settings=\"{&quot;background_background&quot;:&quot;classic&quot;}\" href=\"tel:610383766284\">\n\t\t\t\t<div class=\"elementor-element elementor-element-62bf099 elementor-widget__width-initial elementor-widget elementor-widget-image\" data-id=\"62bf099\" data-element_type=\"widget\" data-widget_type=\"image.default\">\n\t\t\t\t<div class=\"elementor-widget-container\">\n\t\t\t\t\t\t\t\t\t\t\t\t\t\t\t\t<a href=\"https:\/\/api.whatsapp.com\/send\/?phone=905053730765\" target=\"_blank\" rel=\"noopener\">\n\t\t\t\t\t\t\t<img fetchpriority=\"high\" decoding=\"async\" width=\"300\" height=\"300\" src=\"https:\/\/drummantunc.com\/wp-content\/uploads\/2025\/04\/whatsapp-icon.jpg\" class=\"attachment-medium_large size-medium_large wp-image-1930\" alt=\"\" srcset=\"https:\/\/drummantunc.com\/wp-content\/uploads\/2025\/04\/whatsapp-icon.jpg 300w, https:\/\/drummantunc.com\/wp-content\/uploads\/2025\/04\/whatsapp-icon-150x150.jpg 150w, https:\/\/drummantunc.com\/wp-content\/uploads\/2025\/04\/whatsapp-icon-75x75.jpg 75w\" sizes=\"(max-width:767px) 300px, 300px\" \/>\t\t\t\t\t\t\t\t<\/a>\n\t\t\t\t\t\t\t\t\t\t\t\t\t\t\t<\/div>\n\t\t\t\t<\/div>\n\t\t<div class=\"elementor-element elementor-element-96e112a e-con-full e-flex e-con e-child\" data-id=\"96e112a\" data-element_type=\"container\">\n\t\t\t\t<div class=\"elementor-element elementor-element-231157e elementor-widget elementor-widget-heading\" data-id=\"231157e\" data-element_type=\"widget\" data-widget_type=\"heading.default\">\n\t\t\t\t<div class=\"elementor-widget-container\">\n\t\t\t\t\t<p class=\"elementor-heading-title elementor-size-default\"><a href=\"https:\/\/api.whatsapp.com\/send\/?phone=905053730765\" target=\"_blank\" rel=\"noopener\"><b style=\"color: #FFFF\">\u041f\u041e\u041b\u0423\u0427\u0418\u0422\u0415 \u0411\u0415\u0421\u041f\u041b\u0410\u0422\u041d\u041e\u0415 \u041f\u0420\u0415\u0414\u041b\u041e\u0416\u0415\u041d\u0418\u0415<\/b> \u041f\u041e\u0417\u0412\u041e\u041d\u0418\u0422\u0415 \u041d\u0410\u041c<\/a><\/p>\t\t\t\t<\/div>\n\t\t\t\t<\/div>\n\t\t\t\t<div class=\"elementor-element elementor-element-e1726b5 elementor-widget elementor-widget-heading\" data-id=\"e1726b5\" data-element_type=\"widget\" data-widget_type=\"heading.default\">\n\t\t\t\t<div class=\"elementor-widget-container\">\n\t\t\t\t\t<h4 class=\"elementor-heading-title elementor-size-default\"><a href=\"https:\/\/api.whatsapp.com\/send\/?phone=905053730765\" target=\"_blank\" rel=\"noopener\">+90 505 373 07 65<\/a><\/h4>\t\t\t\t<\/div>\n\t\t\t\t<\/div>\n\t\t\t\t<\/div>\n\t\t\t\t<\/a>\n\t\t\t\t<\/div>\n\t\t\t\t\t<\/div>\n\t\t\t\t<\/div>\n\t\t\t\t<\/div>\n\t\t","protected":false},"excerpt":{"rendered":"<p>\u041e\u0442\u043f\u0440\u0430\u0432\u0438\u0442\u044c \u043d\u0430\u043c \u0441\u043e\u043e\u0431\u0449\u0435\u043d\u0438\u0435 \u0421\u0432\u044f\u0437\u0430\u0442\u044c\u0441\u044f \u0441 \u043d\u0430\u043c\u0438 \u042d\u043b\u0435\u043a\u0442\u0440\u043e\u043d\u043d\u0430\u044f \u043f\u043e\u0447\u0442\u0430 info@ummantunc.com \u041e\u0444\u0438\u0441 Alt\u0131nkum Mah. Atat\u00fcrk Bulvar\u0131 Mehmet \u00d6zbek Plaza, No:130 K:4 D:5 Konyaalt\u0131\/Antalya \u0422\u0435\u043b\u0435\u0444\u043e\u043d +90 505 373 07<span class=\"excerpt-hellip\"> [\u2026]<\/span><\/p>\n","protected":false},"author":1,"featured_media":0,"parent":0,"menu_order":0,"comment_status":"open","ping_status":"closed","template":"","meta":{"footnotes":""},"class_list":["post-2199","page","type-page","status-publish","hentry"],"_links":{"self":[{"href":"https:\/\/drummantunc.com\/ru\/wp-json\/wp\/v2\/pages\/2199","targetHints":{"allow":["GET"]}}],"collection":[{"href":"https:\/\/drummantunc.com\/ru\/wp-json\/wp\/v2\/pages"}],"about":[{"href":"https:\/\/drummantunc.com\/ru\/wp-json\/wp\/v2\/types\/page"}],"author":[{"embeddable":true,"href":"https:\/\/drummantunc.com\/ru\/wp-json\/wp\/v2\/users\/1"}],"replies":[{"embeddable":true,"href":"https:\/\/drummantunc.com\/ru\/wp-json\/wp\/v2\/comments?post=2199"}],"version-history":[{"count":5,"href":"https:\/\/drummantunc.com\/ru\/wp-json\/wp\/v2\/pages\/2199\/revisions"}],"predecessor-version":[{"id":2205,"href":"https:\/\/drummantunc.com\/ru\/wp-json\/wp\/v2\/pages\/2199\/revisions\/2205"}],"wp:attachment":[{"href":"https:\/\/drummantunc.com\/ru\/wp-json\/wp\/v2\/media?parent=2199"}],"curies":[{"name":"wp","href":"https:\/\/api.w.org\/{rel}","templated":true}]}}